{"id":337,"date":"2014-01-17T11:21:08","date_gmt":"2014-01-17T17:21:08","guid":{"rendered":"http:\/\/www.discoveriesoftheamericas.org\/?page_id=337"},"modified":"2021-02-22T16:19:54","modified_gmt":"2021-02-22T16:19:54","slug":"manuscripts-2","status":"publish","type":"page","link":"https:\/\/lab.dev.vanderbilt.edu\/ramey\/medieval-storytelling\/manuscripts-2\/","title":{"rendered":"manuscripts"},"content":{"rendered":"<p>Gudrid\u2019s story is told in two of the Sagas of Icelanders, prose tales based on oral traditions which were written down during the 13th and 14th centuries. These two sagas are <a href=\"http:\/\/sagadb.org\/eiriks_saga_rauda.en\"><em>The Saga of Erik the Red <\/em><\/a>and\u00a0<em><a href=\"http:\/\/sagadb.org\/graenlendinga_saga\">The Saga of the Greenlanders<\/a>\u00a0<\/em>which are often referred to as the <i>V\u00ednland Sagas.<\/i> An extant copy of <i>The Saga of the Greenlanders<\/i> can be found in <a href=\"http:\/\/en.wikipedia.org\/wiki\/Flateyjarb\u00f3k\"><em>Flateyjarb\u00f3k<\/em><\/a>,\u00a0a late 14th century manuscript located in the collection of the <a href=\"http:\/\/www.arnastofnun.is\/page\/as2012_forsida_en\"><span style=\"text-decoration: underline\">\u00c1rni Magn\u00fasson Institute for Icelandic Studies<\/span><\/a> \u00a0(Stofnun \u00c1rna Magn\u00fassonar \u00ed \u00edslenskum fr\u00e6\u00f0um) in Reykjav\u00edk.\u00a0A copy of the Saga of Erik the Red can also be found there (in a manuscript called <a href=\"http:\/\/en.wikipedia.org\/wiki\/Sk\u00e1lholtsb\u00f3k\"><i>Sk\u00e1lholtsb\u00f3k<\/i><\/a>) and in a Danish collection, the <a href=\"http:\/\/nfi.ku.dk\/english\/collections\/arnamagnaean_collection\/\">Arnamagnaean Collection<\/a> (Arnamagn\u00e6anske H\u00e5ndskriftsamling)\u00a0in Copenhagen (in a manuscript called <a href=\"http:\/\/en.wikipedia.org\/wiki\/Hauksb\u00f3k\"><i>Hauksb\u00f3k<\/i><\/a>).<\/p>\n<p><a href=\"http:\/\/www.discoveriesoftheamericas.org\/travelers\/gudrid-thorbjarnardottir\/greenlandsaga\" target=\"_blank\"><img loading=\"lazy\" decoding=\"async\" alt=\"greenlandsaga\" src=\"https:\/\/cdn-dev.vanderbilt.edu\/vu-web\/lab-wpcontent\/sites\/134\/2013\/09\/23180918\/greenlandsaga-150x150.png\" width=\"150\" height=\"150\" \/><\/a><\/p>\n<p>Here is an image of a page of <i>The Saga of the Greenlanders<\/i>\u00a0from <em>Flateujarb\u00f3k<\/em>.\u00a0 Most pages of this manuscript are heavily damaged.\u00a0 If you are interested in a digital version seeing the entire <em>Flateujarb\u00f3k<\/em>, <a href=\"http:\/\/www.am.hi.is:8087\" target=\"_blank\">click here<\/a>.\u00a0 Then, choose manuscript <strong>GKS 1005 fol<\/strong>.\u00a0 You then need to click <em>sko\u00f0a<\/em>. \u00a0Here are some translations of Icelandic vocabulary that you will run into when looking at this website:<\/p>\n<ul>\n<li>bla\u00f0<em> &#8211; <\/em>sheet<\/li>\n<li>sko\u00f0a &#8211; view<\/li>\n<li>st\u00f3r- large<\/li>\n<li>l\u00edtil- thumbnails<\/li>\n<li>birta- show<\/li>\n<li>handritalisti- index list<\/li>\n<li>fors\u00ed\u00f0a &#8211; home<\/li>\n<li>fj\u00f6ldi s\u00ed\u00f0a &#8211; page numbers<\/li>\n<li>s\u00fdna \u00feumla- show thumbnails<\/li>\n<li>j\u00e1 &#8211; yes<\/li>\n<li>nei &#8211; no<\/li>\n<\/ul>\n","protected":false},"excerpt":{"rendered":"<p>Gudrid\u2019s story is told in two of the Sagas of Icelanders, prose tales based on oral traditions which were written down during the 13th and 14th centuries. These two sagas are The Saga of Erik the Red and\u00a0The Saga of the Greenlanders\u00a0which are often referred to as the V\u00ednland Sagas. An extant copy of The&#8230;<\/p>\n","protected":false},"author":262,"featured_media":0,"parent":745,"menu_order":0,"comment_status":"open","ping_status":"open","template":"","meta":{"_acf_changed":false,"footnotes":""},"tags":[],"class_list":["post-337","page","type-page","status-publish","hentry"],"acf":[],"_links":{"self":[{"href":"https:\/\/lab.dev.vanderbilt.edu\/ramey\/wp-json\/wp\/v2\/pages\/337","targetHints":{"allow":["GET"]}}],"collection":[{"href":"https:\/\/lab.dev.vanderbilt.edu\/ramey\/wp-json\/wp\/v2\/pages"}],"about":[{"href":"https:\/\/lab.dev.vanderbilt.edu\/ramey\/wp-json\/wp\/v2\/types\/page"}],"author":[{"embeddable":true,"href":"https:\/\/lab.dev.vanderbilt.edu\/ramey\/wp-json\/wp\/v2\/users\/262"}],"replies":[{"embeddable":true,"href":"https:\/\/lab.dev.vanderbilt.edu\/ramey\/wp-json\/wp\/v2\/comments?post=337"}],"version-history":[{"count":1,"href":"https:\/\/lab.dev.vanderbilt.edu\/ramey\/wp-json\/wp\/v2\/pages\/337\/revisions"}],"predecessor-version":[{"id":777,"href":"https:\/\/lab.dev.vanderbilt.edu\/ramey\/wp-json\/wp\/v2\/pages\/337\/revisions\/777"}],"up":[{"embeddable":true,"href":"https:\/\/lab.dev.vanderbilt.edu\/ramey\/wp-json\/wp\/v2\/pages\/745"}],"wp:attachment":[{"href":"https:\/\/lab.dev.vanderbilt.edu\/ramey\/wp-json\/wp\/v2\/media?parent=337"}],"wp:term":[{"taxonomy":"post_tag","embeddable":true,"href":"https:\/\/lab.dev.vanderbilt.edu\/ramey\/wp-json\/wp\/v2\/tags?post=337"}],"curies":[{"name":"wp","href":"https:\/\/api.w.org\/{rel}","templated":true}]}}