{"id":195,"date":"2023-06-27T15:00:42","date_gmt":"2023-06-27T15:00:42","guid":{"rendered":"https:\/\/lab.dev.vanderbilt.edu\/lunarlabs\/?page_id=195"},"modified":"2023-07-17T19:15:57","modified_gmt":"2023-07-17T19:15:57","slug":"2023-lunar-gw-workshop","status":"publish","type":"page","link":"https:\/\/lab.dev.vanderbilt.edu\/lunarlabs\/2023-lunar-gw-workshop\/","title":{"rendered":"2023 Lunar GW Workshop"},"content":{"rendered":"<p><img loading=\"lazy\" decoding=\"async\" class=\"aligncenter wp-image-212 size-full\" src=\"https:\/\/lab.dev.vanderbilt.edu\/lunarlabs\/wp-content\/uploads\/sites\/181\/2023\/06\/m2-130924-1483fret.jpeg\" alt=\"Front view of a large brick building, with marble stairs leading up and a clocktower in the background.\" width=\"4586\" height=\"2400\" srcset=\"https:\/\/lab.dev.vanderbilt.edu\/lunarlabs\/wp-content\/uploads\/sites\/181\/2023\/06\/m2-130924-1483fret.jpeg 4586w, https:\/\/lab.dev.vanderbilt.edu\/lunarlabs\/wp-content\/uploads\/sites\/181\/2023\/06\/m2-130924-1483fret-300x157.jpeg 300w, https:\/\/lab.dev.vanderbilt.edu\/lunarlabs\/wp-content\/uploads\/sites\/181\/2023\/06\/m2-130924-1483fret-768x402.jpeg 768w, https:\/\/lab.dev.vanderbilt.edu\/lunarlabs\/wp-content\/uploads\/sites\/181\/2023\/06\/m2-130924-1483fret-1024x536.jpeg 1024w\" sizes=\"auto, (max-width: 4586px) 100vw, 4586px\" \/><\/p>\n<h1 style=\"text-align: center\">Merging Lunar Exploration with the Multi-Messenger Revolution<\/h1>\n<p style=\"text-align: center\"><strong>October 4\u20136, 2023<\/strong><\/p>\n<p style=\"text-align: center\"><strong>Vanderbilt University<\/strong><\/p>\n<p style=\"text-align: center\"><strong>Nashville, TN, USA<\/strong><\/p>\n<p>This year&#8217;s International Lunar Gravitational-Wave Workshop will be held in Vanderbilt University&#8217;s beautiful Alumni Hall. Join us for three days of exploring the possibilities of conducting gravitational-wave astronomy on the lunar surface.<\/p>\n<h2>Meeting Rationale<\/h2>\n<p>The goal of this meeting is to explore the technology and science case for developing gravitational-wave astronomy on the lunar surface. The discussion will focus on:<\/p>\n<p>(1) Laser Interferometer Lunar Antenna (LILA) Technologies<\/p>\n<p>(2) Overlap with Geoscience and NASA\/ESA Lunar Missions<\/p>\n<p>(3) Multi-Messenger Astrophysics and Cosmology from the Moon<\/p>\n<p>A first-of-its-kind meeting in the US, it aims to serve as a focal point for the international teams involved in lunar exploration and gravitational-wave projects. We will discuss the current state-of-the-art technologies, potential timelines and identify challenges.<\/p>\n<h5 style=\"text-align: center\"><a href=\"https:\/\/forms.office.com\/r\/UUhSfaLL2u\" target=\"_blank\" rel=\"noopener\"> Register <\/a><\/h5>\n<h2>Accommodation<\/h2>\n<p><img loading=\"lazy\" decoding=\"async\" class=\"wp-image-258 alignleft\" src=\"https:\/\/lab.dev.vanderbilt.edu\/lunarlabs\/wp-content\/uploads\/sites\/181\/2023\/07\/welcome-to-the-holiday.jpg\" alt=\"\" width=\"412\" height=\"275\" srcset=\"https:\/\/lab.dev.vanderbilt.edu\/lunarlabs\/wp-content\/uploads\/sites\/181\/2023\/07\/welcome-to-the-holiday.jpg 700w, https:\/\/lab.dev.vanderbilt.edu\/lunarlabs\/wp-content\/uploads\/sites\/181\/2023\/07\/welcome-to-the-holiday-300x200.jpg 300w\" sizes=\"auto, (max-width: 412px) 100vw, 412px\" \/><\/p>\n<p><strong>Conference Hotel:<\/strong> <a href=\"https:\/\/www.ihg.com\/holidayinn\/hotels\/us\/en\/nashville\/bnavb\/hoteldetail\" target=\"_blank\" rel=\"noopener\">Holiday Inn Nashville-Vanderbilt<\/a><\/p>\n<p><em><span class=\"color-tenth\">2613 West End Ave, Nashville, TN 37203 United States<\/span><\/em> | 12-minute walk to workshop venue<\/p>\n<p>Organizers have blocked off rooms at this hotel at a <em><strong>reduced rate<\/strong><\/em> ($199\/night) and highly encourage participants to stay here. If you intend to room with another participant, we have booked off a portion of rooms with two beds for you to select at checkout. Booking link TBA.<\/p>\n<p>Accommodations include a free shuttle from hotel to the workshop venue. Interested attendees can ask for shuttle times at the front desk.<\/p>\n<h2>Agenda<\/h2>\n<p>TBA<\/p>\n<h2>Participants<\/h2>\n<p>TBA<\/p>\n<h2>Organizing Committees<\/h2>\n\n<table id=\"tablepress-1\" class=\"tablepress tablepress-id-1\">\n<thead>\n<tr class=\"row-1\">\n\t<th class=\"column-1\">Local Organizing Committee (LOC)<\/th><th class=\"column-2\">Scientific Organizing Committee (SOC)<\/th>\n<\/tr>\n<\/thead>\n<tbody class=\"row-striping row-hover\">\n<tr class=\"row-2\">\n\t<td class=\"column-1\">Karan Jani (Vanderbilt Lunar Labs; Chair)<\/td><td class=\"column-2\">Karan Jani (Vanderbilt University; Chair)<\/td>\n<\/tr>\n<tr class=\"row-3\">\n\t<td class=\"column-1\">Robert Reed (Vanderbilt Institute for Space Defense &amp; Electronics)<\/td><td class=\"column-2\">Eleonora Capocasa (Universit\u00e9 Paris Cit\u00e9)<\/td>\n<\/tr>\n<tr class=\"row-4\">\n\t<td class=\"column-1\">Kelly Holley-Bockelmann (Vanderbilt Initiative for Gravity, Waves &amp; Fluids) <\/td><td class=\"column-2\">Kelly Holley-Bockelmann  (Vanderbilt University)<\/td>\n<\/tr>\n<tr class=\"row-5\">\n\t<td class=\"column-1\">Kaitlin Porter (Vanderbilt Lunar Labs; Admin)<\/td><td class=\"column-2\">Philippe Lognonn\u00e9 (Universit\u00e9 Paris Cit\u00e9)<\/td>\n<\/tr>\n<tr class=\"row-6\">\n\t<td class=\"column-1\"><\/td><td class=\"column-2\">Robert Reed (Vanderbilt University)<\/td>\n<\/tr>\n<tr class=\"row-7\">\n\t<td class=\"column-1\"><\/td><td class=\"column-2\">Simone Dell'Agnello (INFN-Frascati National Labs)<\/td>\n<\/tr>\n<tr class=\"row-8\">\n\t<td class=\"column-1\"><\/td><td class=\"column-2\">Stuart Bale (University of California, Berkeley)<\/td>\n<\/tr>\n<\/tbody>\n<\/table>\n<!-- #tablepress-1 from cache -->\n","protected":false},"excerpt":{"rendered":"<p>Merging Lunar Exploration with the Multi-Messenger Revolution October 4\u20136, 2023 Vanderbilt University Nashville, TN, USA This year&#8217;s International Lunar Gravitational-Wave Workshop will be held in Vanderbilt University&#8217;s beautiful Alumni Hall. Join us for three days of exploring the possibilities of conducting gravitational-wave astronomy on the lunar surface. Meeting Rationale The goal of this meeting is&#8230;<\/p>\n","protected":false},"author":459,"featured_media":0,"parent":0,"menu_order":0,"comment_status":"closed","ping_status":"closed","template":"page_onecolumn.php","meta":{"_acf_changed":false,"footnotes":""},"tags":[],"class_list":["post-195","page","type-page","status-publish","hentry"],"acf":[],"_links":{"self":[{"href":"https:\/\/lab.dev.vanderbilt.edu\/lunarlabs\/wp-json\/wp\/v2\/pages\/195","targetHints":{"allow":["GET"]}}],"collection":[{"href":"https:\/\/lab.dev.vanderbilt.edu\/lunarlabs\/wp-json\/wp\/v2\/pages"}],"about":[{"href":"https:\/\/lab.dev.vanderbilt.edu\/lunarlabs\/wp-json\/wp\/v2\/types\/page"}],"author":[{"embeddable":true,"href":"https:\/\/lab.dev.vanderbilt.edu\/lunarlabs\/wp-json\/wp\/v2\/users\/459"}],"replies":[{"embeddable":true,"href":"https:\/\/lab.dev.vanderbilt.edu\/lunarlabs\/wp-json\/wp\/v2\/comments?post=195"}],"version-history":[{"count":13,"href":"https:\/\/lab.dev.vanderbilt.edu\/lunarlabs\/wp-json\/wp\/v2\/pages\/195\/revisions"}],"predecessor-version":[{"id":257,"href":"https:\/\/lab.dev.vanderbilt.edu\/lunarlabs\/wp-json\/wp\/v2\/pages\/195\/revisions\/257"}],"wp:attachment":[{"href":"https:\/\/lab.dev.vanderbilt.edu\/lunarlabs\/wp-json\/wp\/v2\/media?parent=195"}],"wp:term":[{"taxonomy":"post_tag","embeddable":true,"href":"https:\/\/lab.dev.vanderbilt.edu\/lunarlabs\/wp-json\/wp\/v2\/tags?post=195"}],"curies":[{"name":"wp","href":"https:\/\/api.w.org\/{rel}","templated":true}]}}