{"id":57,"date":"2021-02-12T22:32:18","date_gmt":"2021-02-12T22:32:18","guid":{"rendered":"https:\/\/lab.dev.vanderbilt.edu\/ctli\/?page_id=57"},"modified":"2021-02-12T23:22:10","modified_gmt":"2021-02-12T23:22:10","slug":"resources","status":"publish","type":"page","link":"https:\/\/lab.dev.vanderbilt.edu\/ctli\/resources\/","title":{"rendered":"Resources"},"content":{"rendered":"<h2>Tools<\/h2>\n<p><a href=\"http:\/\/netsblox.org\"><img loading=\"lazy\" decoding=\"async\" class=\"alignnone wp-image-71\" src=\"https:\/\/cdn-dev.vanderbilt.edu\/vu-web\/lab-wpcontent\/sites\/141\/2021\/02\/12230522\/Screen-Shot-2021-02-12-at-5.04.59-PM.png\" alt=\"\" width=\"62\" height=\"54\" srcset=\"https:\/\/cdn-dev.vanderbilt.edu\/vu-web\/lab-wpcontent\/sites\/141\/2021\/02\/12230522\/Screen-Shot-2021-02-12-at-5.04.59-PM.png 1072w, https:\/\/cdn-dev.vanderbilt.edu\/vu-web\/lab-wpcontent\/sites\/141\/2021\/02\/12230522\/Screen-Shot-2021-02-12-at-5.04.59-PM.png 300w, https:\/\/cdn-dev.vanderbilt.edu\/vu-web\/lab-wpcontent\/sites\/141\/2021\/02\/12230522\/Screen-Shot-2021-02-12-at-5.04.59-PM.png 768w, https:\/\/cdn-dev.vanderbilt.edu\/vu-web\/lab-wpcontent\/sites\/141\/2021\/02\/12230522\/Screen-Shot-2021-02-12-at-5.04.59-PM.png 1024w\" sizes=\"auto, (max-width: 62px) 100vw, 62px\" \/><\/a>\u00a0<a href=\"https:\/\/netsblox.org\">NetsBlox<\/a>: an open-source, web- and cloud-based, collaborative, visual programming environment.<\/p>\n<p><a href=\"http:\/\/c2stem.org\"><img loading=\"lazy\" decoding=\"async\" class=\"alignnone wp-image-66\" src=\"https:\/\/cdn-dev.vanderbilt.edu\/vu-web\/lab-wpcontent\/sites\/141\/2021\/02\/12225716\/Screen-Shot-2021-02-12-at-4.56.53-PM.png\" alt=\"\" width=\"151\" height=\"43\" srcset=\"https:\/\/cdn-dev.vanderbilt.edu\/vu-web\/lab-wpcontent\/sites\/141\/2021\/02\/12225716\/Screen-Shot-2021-02-12-at-4.56.53-PM.png 1002w, https:\/\/cdn-dev.vanderbilt.edu\/vu-web\/lab-wpcontent\/sites\/141\/2021\/02\/12225716\/Screen-Shot-2021-02-12-at-4.56.53-PM.png 300w, https:\/\/cdn-dev.vanderbilt.edu\/vu-web\/lab-wpcontent\/sites\/141\/2021\/02\/12225716\/Screen-Shot-2021-02-12-at-4.56.53-PM.png 768w\" sizes=\"auto, (max-width: 151px) 100vw, 151px\" \/><\/a>\u00a0<a href=\"http:\/\/c2stem.org\">C2STEM<\/a>:\u00a0A synergistic learning environment for STEM + Computational Thinking<\/p>\n<h2>Videos<\/h2>\n<ul>\n<li><a href=\"https:\/\/www.youtube.com\/watch?v=SXNUzBrWPQc&amp;feature=youtu.be&amp;ab_channel=VanderbiltCenterforDigitalHumanities\">Computational Thinking and Equity<\/a> (Panel Discussion, 2020)<\/li>\n<li><a href=\"https:\/\/www.facebook.com\/netsblox\/videos\/430345948167231\">Bringing the Frontiers of Computing to K12<\/a>\u00a0(SIGCSE &#8217;21 demo teaser video)<\/li>\n<li><a href=\"https:\/\/www.youtube.com\/watch?v=7LH3aeHYlSg&amp;ab_channel=Snap%21\">Build Your OwnData Service<\/a> (Snap!Con 2020 Tutorial)<\/li>\n<li><a href=\"https:\/\/www.youtube.com\/watch?v=7LH3aeHYlSg&amp;ab_channel=Snap%21\">Exploring Climate Change<\/a> (Snap!Con 2020 Tutorial)<\/li>\n<li><a href=\"https:\/\/stemforall2019.videohall.com\/presentations\/1343\">Cybersecurity camp<\/a>\u00a0(STEM forAll Video Showcase 2019)<\/li>\n<li><a href=\"https:\/\/twitter.com\/SSMVANDY\/status\/1144791227759583235?s=20&amp;fbclid=IwAR2bpHxj2pdgudulmPjkQCQf1ULWnmpu1zYsEJsw0yY1yUZGR79HWrQb-Tc\">Robot race<\/a> (<a href=\"https:\/\/www.vanderbilt.edu\/cseo-ssmv\/\">SSMV<\/a> camp conclusion, 2019)<\/li>\n<\/ul>\n<h2>Publications<\/h2>\n<ul>\n<li><a class=\"gsc_a_at\">FIRST Principles to Design for Online, Synchronous High School CS Teacher Training and Curriculum Co-Design,\u00a0<\/a>S Grover, V Catet\u00e9, T Barnes, M Hill, \u00c1 L\u00e9deczi. B Broll, Koli Calling&#8217;20: Proceedings of the 20th Koli CallingInternational Conference on Computing Education Research, 2020<\/li>\n<li>C Anderson. Teaching Text Mining Online, <a href=\"https:\/\/medium.com\/swlh\/teaching-text-mining-online-dfd94926b18e\">Medium<\/a>, 2020<\/li>\n<li><a class=\"gsc_a_at\">Domain-Specific Modeling Languages in Computer-Based Learning Environments: a Systematic Approach to Support Science Learning through Computational Modeling,\u00a0<\/a>NM Hutchins, G Biswas, N Zhang, C Snyder, \u00c1 L\u00e9deczi, M Mar\u00f3ti. International Journal of Artificial Intelligence in Education 30 (4), 537-580, 2020<\/li>\n<li><a class=\"gsc_a_at\">A hands-on cybersecurity curriculum using a robotics platform,\u00a0<\/a>B Yett, N Hutchins, G Stein, H Zare, C Snyder, G Biswas, M Metelko, \u00c1 L\u00e9deczi. Proceedings of the 51st ACM Technical Symposium on Computer Science Education (SIGCSE &#8217;20), 2020<\/li>\n<li><a class=\"gsc_a_at\">C2STEM: A system for synergistic learning of physics and computational thinking,\u00a0<\/a>NM Hutchins, G Biswas, M Mar\u00f3ti, \u00c1 L\u00e9deczi, S Grover, R Wolf, KP Blair,\u00a0D Chin, L Conlin, S Basu, K McElhaney. Journal of Science Education and Technology 29 (1), 83-100, 2020<\/li>\n<li><a class=\"gsc_a_at\">Mixed reality robotics for STEM education,\u00a0<\/a>G Stein, \u00c1 L\u00e9deczi. IEEE Blocks and Beyond Workshop (B&amp;B), 2019<\/li>\n<\/ul>\n","protected":false},"excerpt":{"rendered":"<p>Tools \u00a0NetsBlox: an open-source, web- and cloud-based, collaborative, visual programming environment. \u00a0C2STEM:\u00a0A synergistic learning environment for STEM + Computational Thinking Videos Computational Thinking and Equity (Panel Discussion, 2020) Bringing the Frontiers of Computing to K12\u00a0(SIGCSE &#8217;21 demo teaser video) Build Your OwnData Service (Snap!Con 2020 Tutorial) Exploring Climate Change (Snap!Con 2020 Tutorial) Cybersecurity camp\u00a0(STEM forAll&#8230;<\/p>\n","protected":false},"author":291,"featured_media":0,"parent":0,"menu_order":0,"comment_status":"closed","ping_status":"closed","template":"","meta":{"_acf_changed":false,"footnotes":""},"tags":[],"class_list":["post-57","page","type-page","status-publish","hentry"],"acf":[],"_links":{"self":[{"href":"https:\/\/lab.dev.vanderbilt.edu\/ctli\/wp-json\/wp\/v2\/pages\/57","targetHints":{"allow":["GET"]}}],"collection":[{"href":"https:\/\/lab.dev.vanderbilt.edu\/ctli\/wp-json\/wp\/v2\/pages"}],"about":[{"href":"https:\/\/lab.dev.vanderbilt.edu\/ctli\/wp-json\/wp\/v2\/types\/page"}],"author":[{"embeddable":true,"href":"https:\/\/lab.dev.vanderbilt.edu\/ctli\/wp-json\/wp\/v2\/users\/291"}],"replies":[{"embeddable":true,"href":"https:\/\/lab.dev.vanderbilt.edu\/ctli\/wp-json\/wp\/v2\/comments?post=57"}],"version-history":[{"count":15,"href":"https:\/\/lab.dev.vanderbilt.edu\/ctli\/wp-json\/wp\/v2\/pages\/57\/revisions"}],"predecessor-version":[{"id":77,"href":"https:\/\/lab.dev.vanderbilt.edu\/ctli\/wp-json\/wp\/v2\/pages\/57\/revisions\/77"}],"wp:attachment":[{"href":"https:\/\/lab.dev.vanderbilt.edu\/ctli\/wp-json\/wp\/v2\/media?parent=57"}],"wp:term":[{"taxonomy":"post_tag","embeddable":true,"href":"https:\/\/lab.dev.vanderbilt.edu\/ctli\/wp-json\/wp\/v2\/tags?post=57"}],"curies":[{"name":"wp","href":"https:\/\/api.w.org\/{rel}","templated":true}]}}