{"id":94,"date":"2018-05-30T15:44:34","date_gmt":"2018-05-30T15:44:34","guid":{"rendered":"https:\/\/lab.dev.vanderbilt.edu\/carneiro-lab\/welcome\/"},"modified":"2018-05-30T18:26:03","modified_gmt":"2018-05-30T18:26:03","slug":"welcome","status":"publish","type":"page","link":"https:\/\/lab.dev.vanderbilt.edu\/carneiro-lab\/","title":{"rendered":"Welcome"},"content":{"rendered":"<p>We study conserved protein networks that regulate\u00a0cell-cell communication\u00a0both in brain synapses and\u00a0in the cardiovascular system.<\/p>\n<p>Below is the map of the protein network studied in the lab:<\/p>\n<p class=\"rtecenter\"><img decoding=\"async\" style=\"width: 100%;\" src=\"\/carneiro-lab\/wp-content\/uploads\/sites\/25\/files\/public_files\/proteinnetwork.jpg\" alt=\"proteinnetwork.jpg\" \/><\/p>\n<p><strong>Ciencia Sem Fronteiras<\/strong><\/p>\n<p>O departamento de farmacologia abre as suas portas para alunos de doutorado e p\u00f3s-doutorado interessados em desenvolver projetos de pesquisa em Vanderbilt. Mais informa\u00e7\u00f5es entre em contato: ana.carneiro@vanderbilt.edu.<\/p>\n<p>Being a participant of the scholarship program &#8220;Ci\u00eancia Sem Fronteiras,&#8221; Vanderbilt University is looking forward to welcoming\u00a0Brazilian students and researchers in Pharmacology and Neuroscience.<\/p>\n","protected":false},"excerpt":{"rendered":"<p>We study conserved protein networks that regulate\u00a0cell-cell communication\u00a0both in brain synapses and\u00a0in the cardiovascular system. Below is the map of the protein network studied in the lab: Ciencia Sem Fronteiras O departamento de farmacologia abre as suas portas para alunos de doutorado e p\u00f3s-doutorado interessados em desenvolver projetos de pesquisa em Vanderbilt. Mais informa\u00e7\u00f5es entre&#8230;<\/p>\n","protected":false},"author":1,"featured_media":0,"parent":0,"menu_order":0,"comment_status":"closed","ping_status":"closed","template":"","meta":{"_acf_changed":false,"footnotes":""},"tags":[],"class_list":["post-94","page","type-page","status-publish","hentry"],"acf":[],"_links":{"self":[{"href":"https:\/\/lab.dev.vanderbilt.edu\/carneiro-lab\/wp-json\/wp\/v2\/pages\/94","targetHints":{"allow":["GET"]}}],"collection":[{"href":"https:\/\/lab.dev.vanderbilt.edu\/carneiro-lab\/wp-json\/wp\/v2\/pages"}],"about":[{"href":"https:\/\/lab.dev.vanderbilt.edu\/carneiro-lab\/wp-json\/wp\/v2\/types\/page"}],"author":[{"embeddable":true,"href":"https:\/\/lab.dev.vanderbilt.edu\/carneiro-lab\/wp-json\/wp\/v2\/users\/1"}],"replies":[{"embeddable":true,"href":"https:\/\/lab.dev.vanderbilt.edu\/carneiro-lab\/wp-json\/wp\/v2\/comments?post=94"}],"version-history":[{"count":1,"href":"https:\/\/lab.dev.vanderbilt.edu\/carneiro-lab\/wp-json\/wp\/v2\/pages\/94\/revisions"}],"predecessor-version":[{"id":138,"href":"https:\/\/lab.dev.vanderbilt.edu\/carneiro-lab\/wp-json\/wp\/v2\/pages\/94\/revisions\/138"}],"wp:attachment":[{"href":"https:\/\/lab.dev.vanderbilt.edu\/carneiro-lab\/wp-json\/wp\/v2\/media?parent=94"}],"wp:term":[{"taxonomy":"post_tag","embeddable":true,"href":"https:\/\/lab.dev.vanderbilt.edu\/carneiro-lab\/wp-json\/wp\/v2\/tags?post=94"}],"curies":[{"name":"wp","href":"https:\/\/api.w.org\/{rel}","templated":true}]}}